{"id":1823,"date":"2025-10-30T18:19:36","date_gmt":"2025-10-30T18:19:36","guid":{"rendered":"https:\/\/www.soniagomezporcelanosa.com\/?page_id=1823"},"modified":"2025-12-03T17:41:59","modified_gmt":"2025-12-03T17:41:59","slug":"decoracion-complementos","status":"publish","type":"page","link":"https:\/\/www.soniagomezporcelanosa.com\/index.php\/decoracion-complementos\/","title":{"rendered":"Decoraci\u00f3n y complementos"},"content":{"rendered":"\t\t<div data-elementor-type=\"wp-page\" data-elementor-id=\"1823\" class=\"elementor elementor-1823\">\n\t\t\t\t<div class=\"elementor-element elementor-element-095b6ad e-flex e-con-boxed wpr-particle-no wpr-jarallax-no wpr-parallax-no wpr-sticky-section-no e-con e-parent\" data-id=\"095b6ad\" data-element_type=\"container\" data-settings=\"{&quot;background_background&quot;:&quot;classic&quot;}\">\n\t\t\t\t\t<div class=\"e-con-inner\">\n\t\t\t\t<div class=\"elementor-element elementor-element-c2f40d0 elementor-widget elementor-widget-heading\" data-id=\"c2f40d0\" data-element_type=\"widget\" data-widget_type=\"heading.default\">\n\t\t\t\t\t<h1 class=\"elementor-heading-title elementor-size-default\">Decoraci\u00f3n y complementos<\/h1>\t\t\t\t<\/div>\n\t\t\t\t\t<\/div>\n\t\t\t\t<\/div>\n\t\t<div class=\"elementor-element elementor-element-6f14f1e e-flex e-con-boxed wpr-particle-no wpr-jarallax-no wpr-parallax-no wpr-sticky-section-no e-con e-parent\" data-id=\"6f14f1e\" data-element_type=\"container\">\n\t\t\t\t\t<div class=\"e-con-inner\">\n\t\t\t\t<div class=\"elementor-element elementor-element-57637da elementor-widget elementor-widget-heading\" data-id=\"57637da\" data-element_type=\"widget\" data-widget_type=\"heading.default\">\n\t\t\t\t\t<h2 class=\"elementor-heading-title elementor-size-default\">Decoraci\u00f3n y complementos<\/h2>\t\t\t\t<\/div>\n\t\t\t\t<div class=\"elementor-element elementor-element-40a4c2f elementor-widget elementor-widget-heading\" data-id=\"40a4c2f\" data-element_type=\"widget\" data-widget_type=\"heading.default\">\n\t\t\t\t\t<h2 class=\"elementor-heading-title elementor-size-default\">Decoraci\u00f3n y complementos que personalizan tu hogar<\/h2>\t\t\t\t<\/div>\n\t\t<div class=\"elementor-element elementor-element-e2d9bfe e-flex e-con-boxed wpr-particle-no wpr-jarallax-no wpr-parallax-no wpr-sticky-section-no e-con e-child\" data-id=\"e2d9bfe\" data-element_type=\"container\">\n\t\t\t\t\t<div class=\"e-con-inner\">\n\t\t\t\t<div class=\"elementor-element elementor-element-0b52455 elementor-widget elementor-widget-text-editor\" data-id=\"0b52455\" data-element_type=\"widget\" data-widget_type=\"text-editor.default\">\n\t\t\t\t\t\t\t\t\t<p>La decoraci\u00f3n es lo que da vida y personalidad a un espacio.<\/p><p>Ofrecemos una amplia selecci\u00f3n de complementos, accesorios y elementos decorativos que transforman ambientes ordinarios en espacios \u00fanicos y acogedores.<\/p><p>Desde textiles y iluminaci\u00f3n hasta arte y objetos decorativos, cada pieza es elegida para combinar est\u00e9tica, funcionalidad y calidad.<\/p><p>Asesoramos sobre c\u00f3mo combinar elementos para crear una atm\u00f3sfera que refleje tu estilo personal.<\/p>\t\t\t\t\t\t\t\t<\/div>\n\t\t\t\t<div class=\"elementor-element elementor-element-98a2c17 elementor-widget elementor-widget-heading\" data-id=\"98a2c17\" data-element_type=\"widget\" data-widget_type=\"heading.default\">\n\t\t\t\t\t<h2 class=\"elementor-heading-title elementor-size-default\">Descubre c\u00f3mo los complementos adecuados pueden transformar completamente la sensaci\u00f3n de tu hogar.<\/h2>\t\t\t\t<\/div>\n\t\t\t\t\t<\/div>\n\t\t\t\t<\/div>\n\t\t\t\t<div class=\"elementor-element elementor-element-93668b4 elementor-arrows-position-inside elementor-pagination-position-outside elementor-widget elementor-widget-image-carousel\" data-id=\"93668b4\" data-element_type=\"widget\" data-settings=\"{&quot;slides_to_show&quot;:&quot;1&quot;,&quot;autoplay_speed&quot;:3000,&quot;effect&quot;:&quot;fade&quot;,&quot;navigation&quot;:&quot;both&quot;,&quot;autoplay&quot;:&quot;yes&quot;,&quot;pause_on_interaction&quot;:&quot;yes&quot;,&quot;infinite&quot;:&quot;yes&quot;,&quot;speed&quot;:500}\" data-widget_type=\"image-carousel.default\">\n\t\t\t\t\t\t\t<div class=\"elementor-image-carousel-wrapper swiper\" role=\"region\" aria-roledescription=\"carousel\" aria-label=\"Carrusel cocina\" dir=\"ltr\">\n\t\t\t<div class=\"elementor-image-carousel swiper-wrapper swiper-image-stretch\" aria-live=\"off\">\n\t\t\t\t\t\t\t\t<div class=\"swiper-slide\" role=\"group\" aria-roledescription=\"slide\" aria-label=\"1 de 1\"><a data-elementor-open-lightbox=\"yes\" data-elementor-lightbox-slideshow=\"93668b4\" data-elementor-lightbox-title=\"decoracion_y_complementos\" data-e-action-hash=\"#elementor-action%3Aaction%3Dlightbox%26settings%3DeyJpZCI6MTU0MywidXJsIjoiaHR0cHM6XC9cL3d3dy5zb25pYWdvbWV6cG9yY2VsYW5vc2EuY29tXC93cC1jb250ZW50XC91cGxvYWRzXC8yMDI1XC8wOFwvZGVjb3JhY2lvbl95X2NvbXBsZW1lbnRvcy5qcGciLCJzbGlkZXNob3ciOiI5MzY2OGI0In0%3D\" href=\"https:\/\/www.soniagomezporcelanosa.com\/wp-content\/uploads\/2025\/08\/decoracion_y_complementos.jpg\"><figure class=\"swiper-slide-inner\"><img decoding=\"async\" class=\"swiper-slide-image\" src=\"https:\/\/www.soniagomezporcelanosa.com\/wp-content\/uploads\/2025\/08\/decoracion_y_complementos-1024x768.jpg\" alt=\"decoracion_y_complementos\" \/><\/figure><\/a><\/div>\t\t\t<\/div>\n\t\t\t\t\t<\/div>\n\t\t\t\t\t\t<\/div>\n\t\t\t\t\t<\/div>\n\t\t\t\t<\/div>\n\t\t<div class=\"elementor-element elementor-element-38579d0 e-flex e-con-boxed wpr-particle-no wpr-jarallax-no wpr-parallax-no wpr-sticky-section-no e-con e-parent\" data-id=\"38579d0\" data-element_type=\"container\">\n\t\t\t\t\t<div class=\"e-con-inner\">\n\t\t\t\t<div class=\"elementor-element elementor-element-df79e18 wpr-button-icon-style-inline wpr-button-icon-position-right elementor-widget elementor-widget-wpr-button\" data-id=\"df79e18\" data-element_type=\"widget\" data-widget_type=\"wpr-button.default\">\n\t\t\t\t\t\t\n\t\t\t\n\t\t\n\t\t<div class=\"wpr-button-wrap elementor-clearfix\">\n\t\t<a class=\"wpr-button wpr-button-effect wpr-button-none\" data-text=\"\" href=\"https:\/\/www.soniagomezporcelanosa.com\/index.php\/decoracion-galeria\/\">\n\t\t\t\n\t\t\t<span class=\"wpr-button-content\">\n\t\t\t\t\t\t\t\t\t<span class=\"wpr-button-text\">Galer\u00eda<\/span>\n\t\t\t\t\t\t\t\t\n\t\t\t\t\t\t\t<\/span>\n\t\t<\/a>\n\n\t\t\t\t<\/div>\n\t\n\t\n\t\t\t\t\t<\/div>\n\t\t<div class=\"elementor-element elementor-element-2bd50c3 e-con-full e-flex wpr-particle-no wpr-jarallax-no wpr-parallax-no wpr-sticky-section-no e-con e-child\" data-id=\"2bd50c3\" data-element_type=\"container\">\n\t\t\t\t<div class=\"elementor-element elementor-element-bbd28ad elementor-widget elementor-widget-heading\" data-id=\"bbd28ad\" data-element_type=\"widget\" data-widget_type=\"heading.default\">\n\t\t\t\t\t<h2 class=\"elementor-heading-title elementor-size-default\">Nuestras marcas<\/h2>\t\t\t\t<\/div>\n\t\t<div class=\"elementor-element elementor-element-f71da4c e-flex e-con-boxed wpr-particle-no wpr-jarallax-no wpr-parallax-no wpr-sticky-section-no e-con e-child\" data-id=\"f71da4c\" data-element_type=\"container\">\n\t\t\t\t\t<div class=\"e-con-inner\">\n\t\t\t\t<div class=\"elementor-element elementor-element-2f5398c elementor-widget elementor-widget-text-editor\" data-id=\"2f5398c\" data-element_type=\"widget\" data-widget_type=\"text-editor.default\">\n\t\t\t\t\t\t\t\t\t<p>La decoraci\u00f3n y los complementos son el toque final que aporta estilo, personalidad y confort a cualquier hogar. Trabajamos con marcas reconocidas y una amplia variedad de productos para adaptarnos a todos los estilos y necesidades.<\/p>\t\t\t\t\t\t\t\t<\/div>\n\t\t\t\t<div class=\"elementor-element elementor-element-bc1bd0c elementor-widget elementor-widget-heading\" data-id=\"bc1bd0c\" data-element_type=\"widget\" data-widget_type=\"heading.default\">\n\t\t\t\t\t<h2 class=\"elementor-heading-title elementor-size-default\">Conf\u00eda en nosotros para transformar tu hogar con los mejores complementos, donde cada detalle est\u00e1 pensado para realzar la est\u00e9tica y el confort de tu espacio de manera independiente y personalizada.<\/h2>\t\t\t\t<\/div>\n\t\t\t\t\t<\/div>\n\t\t\t\t<\/div>\n\t\t<div class=\"elementor-element elementor-element-fd2e4ad e-con-full e-flex wpr-particle-no wpr-jarallax-no wpr-parallax-no wpr-sticky-section-no e-con e-child\" data-id=\"fd2e4ad\" data-element_type=\"container\">\n\t\t\t\t<div class=\"elementor-element elementor-element-50ab142 elementor-widget elementor-widget-elementskit-client-logo\" data-id=\"50ab142\" data-element_type=\"widget\" data-widget_type=\"elementskit-client-logo.default\">\n\t\t\t\t\t<div class=\"ekit-wid-con\" >\t\t<div class=\"elementskit-clients-slider slider-dotted dot_dotted simple_logo_image\" data-config=\"{&quot;rtl&quot;:false,&quot;arrows&quot;:false,&quot;dots&quot;:true,&quot;autoplay&quot;:true,&quot;speed&quot;:1000,&quot;slidesPerView&quot;:4,&quot;slidesPerGroup&quot;:1,&quot;pauseOnHover&quot;:true,&quot;loop&quot;:false,&quot;breakpoints&quot;:{&quot;320&quot;:{&quot;slidesPerView&quot;:1,&quot;slidesPerGroup&quot;:1,&quot;spaceBetween&quot;:10},&quot;768&quot;:{&quot;slidesPerView&quot;:2,&quot;slidesPerGroup&quot;:1,&quot;spaceBetween&quot;:10},&quot;1024&quot;:{&quot;slidesPerView&quot;:4,&quot;slidesPerGroup&quot;:1,&quot;spaceBetween&quot;:15}},&quot;grid&quot;:{&quot;fill&quot;:&quot;row&quot;,&quot;rows&quot;:2}}\" data-direction=\"\">\n\t\t\t<div class=\"ekit-main-swiper swiper\">\n\t\t\t\t<div class=\"swiper-wrapper\">\n\t\t\t\t\t\t\t\t\t\t\t<div class=\"elementskit-client-slider-item swiper-slide \">\n\t\t\t\t\t\t\t<div class=\"swiper-slide-inner\">\n\t\t\t\t\t\t\t\t<div class=\"single-client image-switcher\" title=\"Ideas Group\">\n\t\t\t\t\t\t\t\t\t\t\t\t\t\t\t\t\t\t\t<a href=\"https:\/\/www.ideasgroupdesign.com\/\" target=\"_blank\">\n\t\t\t\t\t\t\t\t\t\t\t<span class=\"content-image\">\n\t\t\t\t\t\t\t\t\t\t\t\t<img fetchpriority=\"high\" decoding=\"async\" width=\"400\" height=\"400\" src=\"https:\/\/www.soniagomezporcelanosa.com\/wp-content\/uploads\/2025\/12\/ideas_logo.jpg\" class=\"\" alt=\"\" srcset=\"https:\/\/www.soniagomezporcelanosa.com\/wp-content\/uploads\/2025\/12\/ideas_logo.jpg 400w, https:\/\/www.soniagomezporcelanosa.com\/wp-content\/uploads\/2025\/12\/ideas_logo-300x300.jpg 300w, https:\/\/www.soniagomezporcelanosa.com\/wp-content\/uploads\/2025\/12\/ideas_logo-150x150.jpg 150w\" sizes=\"(max-width: 400px) 100vw, 400px\" \/>\t\t\t\t\t\t\t\t\t\t\t<\/span>\n\t\t\t\t\t\t\t\t\t\t<\/a>\n\t\t\t\t\t\t\t\t\t\t\t\t\t\t\t\t\t<\/div>\n\t\t\t\t\t\t\t<\/div>\n\t\t\t\t\t\t<\/div>\n\t\t\t\t\t\t\t\t\t\t\t<div class=\"elementskit-client-slider-item swiper-slide \">\n\t\t\t\t\t\t\t<div class=\"swiper-slide-inner\">\n\t\t\t\t\t\t\t\t<div class=\"single-client image-switcher\" title=\"Inca mobiliario\">\n\t\t\t\t\t\t\t\t\t\t\t\t\t\t\t\t\t\t\t<a href=\"https:\/\/incamobiliario.com\/\" target=\"_blank\">\n\t\t\t\t\t\t\t\t\t\t\t<span class=\"content-image\">\n\t\t\t\t\t\t\t\t\t\t\t\t<img decoding=\"async\" width=\"400\" height=\"400\" src=\"https:\/\/www.soniagomezporcelanosa.com\/wp-content\/uploads\/2025\/12\/inca_logo.jpg\" class=\"\" alt=\"\" srcset=\"https:\/\/www.soniagomezporcelanosa.com\/wp-content\/uploads\/2025\/12\/inca_logo.jpg 400w, https:\/\/www.soniagomezporcelanosa.com\/wp-content\/uploads\/2025\/12\/inca_logo-300x300.jpg 300w, https:\/\/www.soniagomezporcelanosa.com\/wp-content\/uploads\/2025\/12\/inca_logo-150x150.jpg 150w\" sizes=\"(max-width: 400px) 100vw, 400px\" \/>\t\t\t\t\t\t\t\t\t\t\t<\/span>\n\t\t\t\t\t\t\t\t\t\t<\/a>\n\t\t\t\t\t\t\t\t\t\t\t\t\t\t\t\t\t<\/div>\n\t\t\t\t\t\t\t<\/div>\n\t\t\t\t\t\t<\/div>\n\t\t\t\t\t\t\t\t\t\t\t<div class=\"elementskit-client-slider-item swiper-slide \">\n\t\t\t\t\t\t\t<div class=\"swiper-slide-inner\">\n\t\t\t\t\t\t\t\t<div class=\"single-client image-switcher\" title=\"Mesinor\">\n\t\t\t\t\t\t\t\t\t\t\t\t\t\t\t\t\t\t\t<a href=\"https:\/\/mesinor.com\/\" target=\"_blank\">\n\t\t\t\t\t\t\t\t\t\t\t<span class=\"content-image\">\n\t\t\t\t\t\t\t\t\t\t\t\t<img decoding=\"async\" width=\"400\" height=\"400\" src=\"https:\/\/www.soniagomezporcelanosa.com\/wp-content\/uploads\/2025\/12\/mesinor_logo.jpg\" class=\"\" alt=\"\" srcset=\"https:\/\/www.soniagomezporcelanosa.com\/wp-content\/uploads\/2025\/12\/mesinor_logo.jpg 400w, https:\/\/www.soniagomezporcelanosa.com\/wp-content\/uploads\/2025\/12\/mesinor_logo-300x300.jpg 300w, https:\/\/www.soniagomezporcelanosa.com\/wp-content\/uploads\/2025\/12\/mesinor_logo-150x150.jpg 150w\" sizes=\"(max-width: 400px) 100vw, 400px\" \/>\t\t\t\t\t\t\t\t\t\t\t<\/span>\n\t\t\t\t\t\t\t\t\t\t<\/a>\n\t\t\t\t\t\t\t\t\t\t\t\t\t\t\t\t\t<\/div>\n\t\t\t\t\t\t\t<\/div>\n\t\t\t\t\t\t<\/div>\n\t\t\t\t\t\t\t\t\t<\/div>\n\n\t\t\t\t\t\t\t\t\t<div class=\"swiper-pagination\"><\/div>\n\t\t\t\t\n\t\t\t\t\t\t\t<\/div><!-- .elementskit-clients-slider END -->\n\t\t<\/div>\n\t\t<\/div>\t\t\t\t<\/div>\n\t\t\t\t<\/div>\n\t\t<div class=\"elementor-element elementor-element-35b0453 e-con-full e-flex wpr-particle-no wpr-jarallax-no wpr-parallax-no wpr-sticky-section-no e-con e-child\" data-id=\"35b0453\" data-element_type=\"container\">\n\t\t\t\t<div class=\"elementor-element elementor-element-4b67ec5 elementor-widget elementor-widget-heading\" data-id=\"4b67ec5\" data-element_type=\"widget\" data-widget_type=\"heading.default\">\n\t\t\t\t\t<h2 class=\"elementor-heading-title elementor-size-default\">Decoraci\u00f3n y complementos<\/h2>\t\t\t\t<\/div>\n\t\t\t\t<div class=\"elementor-element elementor-element-6ad56c2 elementor-widget elementor-widget-elementskit-client-logo\" data-id=\"6ad56c2\" data-element_type=\"widget\" data-widget_type=\"elementskit-client-logo.default\">\n\t\t\t\t\t<div class=\"ekit-wid-con\" >\t\t<div class=\"elementskit-clients-slider slider-dotted dot_dotted simple_logo_image\" data-config=\"{&quot;rtl&quot;:false,&quot;arrows&quot;:false,&quot;dots&quot;:true,&quot;autoplay&quot;:true,&quot;speed&quot;:1000,&quot;slidesPerView&quot;:4,&quot;slidesPerGroup&quot;:1,&quot;pauseOnHover&quot;:true,&quot;loop&quot;:false,&quot;breakpoints&quot;:{&quot;320&quot;:{&quot;slidesPerView&quot;:1,&quot;slidesPerGroup&quot;:1,&quot;spaceBetween&quot;:10},&quot;768&quot;:{&quot;slidesPerView&quot;:2,&quot;slidesPerGroup&quot;:1,&quot;spaceBetween&quot;:10},&quot;1024&quot;:{&quot;slidesPerView&quot;:4,&quot;slidesPerGroup&quot;:1,&quot;spaceBetween&quot;:15}},&quot;grid&quot;:{&quot;fill&quot;:&quot;row&quot;,&quot;rows&quot;:2}}\" data-direction=\"\">\n\t\t\t<div class=\"ekit-main-swiper swiper\">\n\t\t\t\t<div class=\"swiper-wrapper\">\n\t\t\t\t\t\t\t\t\t\t\t<div class=\"elementskit-client-slider-item swiper-slide \">\n\t\t\t\t\t\t\t<div class=\"swiper-slide-inner\">\n\t\t\t\t\t\t\t\t<div class=\"single-client image-switcher\" title=\"Vista Alegre\">\n\t\t\t\t\t\t\t\t\t\t\t\t\t\t\t\t\t\t\t<a href=\"https:\/\/vistaalegre.com\/es\/mesa-bar-es\" target=\"_blank\">\n\t\t\t\t\t\t\t\t\t\t\t<span class=\"content-image\">\n\t\t\t\t\t\t\t\t\t\t\t\t<img loading=\"lazy\" decoding=\"async\" width=\"400\" height=\"400\" src=\"https:\/\/www.soniagomezporcelanosa.com\/wp-content\/uploads\/2025\/12\/vistaalegre_logo.jpg\" class=\"\" alt=\"\" srcset=\"https:\/\/www.soniagomezporcelanosa.com\/wp-content\/uploads\/2025\/12\/vistaalegre_logo.jpg 400w, https:\/\/www.soniagomezporcelanosa.com\/wp-content\/uploads\/2025\/12\/vistaalegre_logo-300x300.jpg 300w, https:\/\/www.soniagomezporcelanosa.com\/wp-content\/uploads\/2025\/12\/vistaalegre_logo-150x150.jpg 150w\" sizes=\"(max-width: 400px) 100vw, 400px\" \/>\t\t\t\t\t\t\t\t\t\t\t<\/span>\n\t\t\t\t\t\t\t\t\t\t<\/a>\n\t\t\t\t\t\t\t\t\t\t\t\t\t\t\t\t\t<\/div>\n\t\t\t\t\t\t\t<\/div>\n\t\t\t\t\t\t<\/div>\n\t\t\t\t\t\t\t\t\t\t\t<div class=\"elementskit-client-slider-item swiper-slide \">\n\t\t\t\t\t\t\t<div class=\"swiper-slide-inner\">\n\t\t\t\t\t\t\t\t<div class=\"single-client image-switcher\" title=\"RAK\">\n\t\t\t\t\t\t\t\t\t\t\t\t\t\t\t\t\t\t\t<a href=\"https:\/\/www.rakceramics.com\/spain\/es\/signature-collection\/\" target=\"_blank\">\n\t\t\t\t\t\t\t\t\t\t\t<span class=\"content-image\">\n\t\t\t\t\t\t\t\t\t\t\t\t<img loading=\"lazy\" decoding=\"async\" width=\"400\" height=\"400\" src=\"https:\/\/www.soniagomezporcelanosa.com\/wp-content\/uploads\/2025\/12\/rak_logos.jpg\" class=\"\" alt=\"\" srcset=\"https:\/\/www.soniagomezporcelanosa.com\/wp-content\/uploads\/2025\/12\/rak_logos.jpg 400w, https:\/\/www.soniagomezporcelanosa.com\/wp-content\/uploads\/2025\/12\/rak_logos-300x300.jpg 300w, https:\/\/www.soniagomezporcelanosa.com\/wp-content\/uploads\/2025\/12\/rak_logos-150x150.jpg 150w\" sizes=\"(max-width: 400px) 100vw, 400px\" \/>\t\t\t\t\t\t\t\t\t\t\t<\/span>\n\t\t\t\t\t\t\t\t\t\t<\/a>\n\t\t\t\t\t\t\t\t\t\t\t\t\t\t\t\t\t<\/div>\n\t\t\t\t\t\t\t<\/div>\n\t\t\t\t\t\t<\/div>\n\t\t\t\t\t\t\t\t\t\t\t<div class=\"elementskit-client-slider-item swiper-slide \">\n\t\t\t\t\t\t\t<div class=\"swiper-slide-inner\">\n\t\t\t\t\t\t\t\t<div class=\"single-client image-switcher\" title=\"Bordallo Pinheiro\">\n\t\t\t\t\t\t\t\t\t\t\t\t\t\t\t\t\t\t\t<a href=\"https:\/\/es.bordallopinheiro.com\/\" target=\"_blank\">\n\t\t\t\t\t\t\t\t\t\t\t<span class=\"content-image\">\n\t\t\t\t\t\t\t\t\t\t\t\t<img loading=\"lazy\" decoding=\"async\" width=\"400\" height=\"400\" src=\"https:\/\/www.soniagomezporcelanosa.com\/wp-content\/uploads\/2025\/12\/bordalho_logo.jpg\" class=\"\" alt=\"\" srcset=\"https:\/\/www.soniagomezporcelanosa.com\/wp-content\/uploads\/2025\/12\/bordalho_logo.jpg 400w, https:\/\/www.soniagomezporcelanosa.com\/wp-content\/uploads\/2025\/12\/bordalho_logo-300x300.jpg 300w, https:\/\/www.soniagomezporcelanosa.com\/wp-content\/uploads\/2025\/12\/bordalho_logo-150x150.jpg 150w\" sizes=\"(max-width: 400px) 100vw, 400px\" \/>\t\t\t\t\t\t\t\t\t\t\t<\/span>\n\t\t\t\t\t\t\t\t\t\t<\/a>\n\t\t\t\t\t\t\t\t\t\t\t\t\t\t\t\t\t<\/div>\n\t\t\t\t\t\t\t<\/div>\n\t\t\t\t\t\t<\/div>\n\t\t\t\t\t\t\t\t\t<\/div>\n\n\t\t\t\t\t\t\t\t\t<div class=\"swiper-pagination\"><\/div>\n\t\t\t\t\n\t\t\t\t\t\t\t<\/div><!-- .elementskit-clients-slider END -->\n\t\t<\/div>\n\t\t<\/div>\t\t\t\t<\/div>\n\t\t\t\t<\/div>\n\t\t\t\t<\/div>\n\t\t\t\t\t<\/div>\n\t\t\t\t<\/div>\n\t\t<div class=\"elementor-element elementor-element-638ff9e e-flex e-con-boxed wpr-particle-no wpr-jarallax-no wpr-parallax-no wpr-sticky-section-no e-con e-parent\" data-id=\"638ff9e\" data-element_type=\"container\" data-settings=\"{&quot;background_background&quot;:&quot;classic&quot;}\">\n\t\t\t\t\t<div class=\"e-con-inner\">\n\t\t\t\t<div class=\"elementor-element elementor-element-24038f1 elementor-widget elementor-widget-heading\" data-id=\"24038f1\" data-element_type=\"widget\" data-widget_type=\"heading.default\">\n\t\t\t\t\t<h2 class=\"elementor-heading-title elementor-size-default\">Servicios<\/h2>\t\t\t\t<\/div>\n\t\t\t\t<div class=\"elementor-element elementor-element-48c8821 elementor-widget elementor-widget-heading\" data-id=\"48c8821\" data-element_type=\"widget\" data-widget_type=\"heading.default\">\n\t\t\t\t\t<h2 class=\"elementor-heading-title elementor-size-default\">Decoraciones que personalizan tu espacio<\/h2>\t\t\t\t<\/div>\n\t\t<div class=\"elementor-element elementor-element-edd02b0 e-flex e-con-boxed wpr-particle-no wpr-jarallax-no wpr-parallax-no wpr-sticky-section-no e-con e-child\" data-id=\"edd02b0\" data-element_type=\"container\">\n\t\t\t\t\t<div class=\"e-con-inner\">\n\t\t\t\t<div class=\"elementor-element elementor-element-1d02137 elementor-widget elementor-widget-text-editor\" data-id=\"1d02137\" data-element_type=\"widget\" data-widget_type=\"text-editor.default\">\n\t\t\t\t\t\t\t\t\t<p>Ofrecemos una selecci\u00f3n cuidada de decoraci\u00f3n y complementos para personalizar tu hogar. Desde la asesor\u00eda en estilo hasta la instalaci\u00f3n, nos encargamos de que cada detalle sea perfecto.<\/p>\t\t\t\t\t\t\t\t<\/div>\n\t\t\t\t\t<\/div>\n\t\t\t\t<\/div>\n\t\t<div class=\"elementor-element elementor-element-14313dc e-flex e-con-boxed wpr-particle-no wpr-jarallax-no wpr-parallax-no wpr-sticky-section-no e-con e-child\" data-id=\"14313dc\" data-element_type=\"container\">\n\t\t\t\t\t<div class=\"e-con-inner\">\n\t\t<div class=\"elementor-element elementor-element-ed4791c e-grid e-con-full wpr-particle-no wpr-jarallax-no wpr-parallax-no wpr-sticky-section-no e-con e-child\" data-id=\"ed4791c\" data-element_type=\"container\">\n\t\t\t\t<div class=\"elementor-element elementor-element-9d7eb0b elementor-invisible elementor-widget elementor-widget-icon-box\" data-id=\"9d7eb0b\" data-element_type=\"widget\" data-settings=\"{&quot;_animation&quot;:&quot;zoomIn&quot;}\" data-widget_type=\"icon-box.default\">\n\t\t\t\t\t\t\t<div class=\"elementor-icon-box-wrapper\">\n\n\t\t\t\n\t\t\t\t\t\t<div class=\"elementor-icon-box-content\">\n\n\t\t\t\t\t\t\t\t\t<h3 class=\"elementor-icon-box-title\">\n\t\t\t\t\t\t<span  >\n\t\t\t\t\t\t\tDise\u00f1o a medida\t\t\t\t\t\t<\/span>\n\t\t\t\t\t<\/h3>\n\t\t\t\t\n\t\t\t\t\t\t\t\t\t<p class=\"elementor-icon-box-description\">\n\t\t\t\t\t\tSeleccionamos complementos que se adaptan a tu estilo personal y al dise\u00f1o general de tu hogar. Cada elemento es elegido para crear armon\u00eda y personalidad en tus espacios.\t\t\t\t\t<\/p>\n\t\t\t\t\n\t\t\t<\/div>\n\t\t\t\n\t\t<\/div>\n\t\t\t\t\t\t<\/div>\n\t\t\t\t<div class=\"elementor-element elementor-element-083c412 elementor-invisible elementor-widget elementor-widget-icon-box\" data-id=\"083c412\" data-element_type=\"widget\" data-settings=\"{&quot;_animation&quot;:&quot;zoomIn&quot;}\" data-widget_type=\"icon-box.default\">\n\t\t\t\t\t\t\t<div class=\"elementor-icon-box-wrapper\">\n\n\t\t\t\n\t\t\t\t\t\t<div class=\"elementor-icon-box-content\">\n\n\t\t\t\t\t\t\t\t\t<h3 class=\"elementor-icon-box-title\">\n\t\t\t\t\t\t<span  >\n\t\t\t\t\t\t\tMateriales premium\t\t\t\t\t\t<\/span>\n\t\t\t\t\t<\/h3>\n\t\t\t\t\n\t\t\t\t\t\t\t\t\t<p class=\"elementor-icon-box-description\">\n\t\t\t\t\t\tTrabajamos con accesorios y complementos de calidad que garantizan durabilidad y belleza. Cada pieza es seleccionada por su excelencia y acabado.\t\t\t\t\t<\/p>\n\t\t\t\t\n\t\t\t<\/div>\n\t\t\t\n\t\t<\/div>\n\t\t\t\t\t\t<\/div>\n\t\t\t\t<div class=\"elementor-element elementor-element-388dd2b elementor-invisible elementor-widget elementor-widget-icon-box\" data-id=\"388dd2b\" data-element_type=\"widget\" data-settings=\"{&quot;_animation&quot;:&quot;zoomIn&quot;}\" data-widget_type=\"icon-box.default\">\n\t\t\t\t\t\t\t<div class=\"elementor-icon-box-wrapper\">\n\n\t\t\t\n\t\t\t\t\t\t<div class=\"elementor-icon-box-content\">\n\n\t\t\t\t\t\t\t\t\t<h3 class=\"elementor-icon-box-title\">\n\t\t\t\t\t\t<span  >\n\t\t\t\t\t\t\tFuncionalidad y confort\t\t\t\t\t\t<\/span>\n\t\t\t\t\t<\/h3>\n\t\t\t\t\n\t\t\t\t\t\t\t\t\t<p class=\"elementor-icon-box-description\">\n\t\t\t\t\t\tLa decoraci\u00f3n no solo debe ser bonita, tambi\u00e9n debe ser pr\u00e1ctica. Combinamos est\u00e9tica con utilidad para complementos que mejoran tu d\u00eda a d\u00eda.\n\t\t\t\t\t<\/p>\n\t\t\t\t\n\t\t\t<\/div>\n\t\t\t\n\t\t<\/div>\n\t\t\t\t\t\t<\/div>\n\t\t\t\t<div class=\"elementor-element elementor-element-8338353 elementor-invisible elementor-widget elementor-widget-icon-box\" data-id=\"8338353\" data-element_type=\"widget\" data-settings=\"{&quot;_animation&quot;:&quot;zoomIn&quot;}\" data-widget_type=\"icon-box.default\">\n\t\t\t\t\t\t\t<div class=\"elementor-icon-box-wrapper\">\n\n\t\t\t\n\t\t\t\t\t\t<div class=\"elementor-icon-box-content\">\n\n\t\t\t\t\t\t\t\t\t<h3 class=\"elementor-icon-box-title\">\n\t\t\t\t\t\t<span  >\n\t\t\t\t\t\t\tAcabados impecables\t\t\t\t\t\t<\/span>\n\t\t\t\t\t<\/h3>\n\t\t\t\t\n\t\t\t\t\t\t\t\t\t<p class=\"elementor-icon-box-description\">\n\t\t\t\t\t\tGarantizamos que cada complemento est\u00e1 perfectamente colocado y acabado. Cada detalle contribuye a crear espacios hermosos y acogedores.\t\t\t\t\t<\/p>\n\t\t\t\t\n\t\t\t<\/div>\n\t\t\t\n\t\t<\/div>\n\t\t\t\t\t\t<\/div>\n\t\t\t\t<\/div>\n\t\t\t\t\t<\/div>\n\t\t\t\t<\/div>\n\t\t\t\t\t<\/div>\n\t\t\t\t<\/div>\n\t\t\t\t<\/div>\n\t\t","protected":false},"excerpt":{"rendered":"<p>Decoraci\u00f3n y complementos Decoraci\u00f3n y complementos Decoraci\u00f3n y complementos que personalizan tu hogar La decoraci\u00f3n es lo que da vida y personalidad a un espacio. Ofrecemos una amplia selecci\u00f3n de complementos, accesorios y elementos decorativos que transforman ambientes ordinarios en espacios \u00fanicos y acogedores. Desde textiles y iluminaci\u00f3n hasta arte y objetos decorativos, cada pieza es elegida para combinar est\u00e9tica, funcionalidad y calidad. Asesoramos sobre c\u00f3mo combinar elementos para crear una atm\u00f3sfera que refleje tu estilo personal. Descubre c\u00f3mo los complementos adecuados pueden transformar completamente la sensaci\u00f3n de tu hogar. Galer\u00eda Nuestras marcas La decoraci\u00f3n y los complementos son el toque final que aporta estilo, personalidad y confort a cualquier hogar. Trabajamos con marcas reconocidas y una amplia variedad de productos para adaptarnos a todos los estilos y necesidades. Conf\u00eda en nosotros para transformar tu hogar con los mejores complementos, donde cada detalle est\u00e1 pensado para realzar la est\u00e9tica y el confort de tu espacio de manera independiente y personalizada. Decoraci\u00f3n y complementos Servicios Decoraciones que personalizan tu espacio Ofrecemos una selecci\u00f3n cuidada de decoraci\u00f3n y complementos para personalizar tu hogar. Desde la asesor\u00eda en estilo hasta la instalaci\u00f3n, nos encargamos de que cada detalle sea perfecto. Dise\u00f1o a medida Seleccionamos complementos que se adaptan a tu estilo personal y al dise\u00f1o general de tu hogar. Cada elemento es elegido para crear armon\u00eda y personalidad en tus espacios. Materiales premium Trabajamos con accesorios y complementos de calidad que garantizan durabilidad y belleza. Cada pieza es seleccionada por su excelencia y acabado. Funcionalidad y confort La decoraci\u00f3n no solo debe ser bonita, tambi\u00e9n debe ser pr\u00e1ctica. Combinamos est\u00e9tica con utilidad para complementos que mejoran tu d\u00eda a d\u00eda. Acabados impecables Garantizamos que cada complemento est\u00e1 perfectamente colocado y acabado. Cada detalle contribuye a crear espacios hermosos y acogedores.<\/p>\n","protected":false},"author":1,"featured_media":0,"parent":0,"menu_order":0,"comment_status":"closed","ping_status":"closed","template":"elementor_canvas","meta":{"footnotes":""},"class_list":["post-1823","page","type-page","status-publish","hentry"],"_links":{"self":[{"href":"https:\/\/www.soniagomezporcelanosa.com\/index.php\/wp-json\/wp\/v2\/pages\/1823","targetHints":{"allow":["GET"]}}],"collection":[{"href":"https:\/\/www.soniagomezporcelanosa.com\/index.php\/wp-json\/wp\/v2\/pages"}],"about":[{"href":"https:\/\/www.soniagomezporcelanosa.com\/index.php\/wp-json\/wp\/v2\/types\/page"}],"author":[{"embeddable":true,"href":"https:\/\/www.soniagomezporcelanosa.com\/index.php\/wp-json\/wp\/v2\/users\/1"}],"replies":[{"embeddable":true,"href":"https:\/\/www.soniagomezporcelanosa.com\/index.php\/wp-json\/wp\/v2\/comments?post=1823"}],"version-history":[{"count":31,"href":"https:\/\/www.soniagomezporcelanosa.com\/index.php\/wp-json\/wp\/v2\/pages\/1823\/revisions"}],"predecessor-version":[{"id":2269,"href":"https:\/\/www.soniagomezporcelanosa.com\/index.php\/wp-json\/wp\/v2\/pages\/1823\/revisions\/2269"}],"wp:attachment":[{"href":"https:\/\/www.soniagomezporcelanosa.com\/index.php\/wp-json\/wp\/v2\/media?parent=1823"}],"curies":[{"name":"wp","href":"https:\/\/api.w.org\/{rel}","templated":true}]}}