{"id":1788,"date":"2025-10-30T16:40:37","date_gmt":"2025-10-30T16:40:37","guid":{"rendered":"https:\/\/www.soniagomezporcelanosa.com\/?page_id=1788"},"modified":"2025-12-03T17:02:37","modified_gmt":"2025-12-03T17:02:37","slug":"mobiliario","status":"publish","type":"page","link":"https:\/\/www.soniagomezporcelanosa.com\/index.php\/mobiliario\/","title":{"rendered":"Mobiliario"},"content":{"rendered":"\t\t<div data-elementor-type=\"wp-page\" data-elementor-id=\"1788\" class=\"elementor elementor-1788\">\n\t\t\t\t<div class=\"elementor-element elementor-element-095b6ad e-flex e-con-boxed wpr-particle-no wpr-jarallax-no wpr-parallax-no wpr-sticky-section-no e-con e-parent\" data-id=\"095b6ad\" data-element_type=\"container\" data-settings=\"{&quot;background_background&quot;:&quot;classic&quot;}\">\n\t\t\t\t\t<div class=\"e-con-inner\">\n\t\t\t\t<div class=\"elementor-element elementor-element-c2f40d0 elementor-widget elementor-widget-heading\" data-id=\"c2f40d0\" data-element_type=\"widget\" data-widget_type=\"heading.default\">\n\t\t\t\t\t<h1 class=\"elementor-heading-title elementor-size-default\">Mobiliario<\/h1>\t\t\t\t<\/div>\n\t\t\t\t\t<\/div>\n\t\t\t\t<\/div>\n\t\t<div class=\"elementor-element elementor-element-6f14f1e e-flex e-con-boxed wpr-particle-no wpr-jarallax-no wpr-parallax-no wpr-sticky-section-no e-con e-parent\" data-id=\"6f14f1e\" data-element_type=\"container\">\n\t\t\t\t\t<div class=\"e-con-inner\">\n\t\t\t\t<div class=\"elementor-element elementor-element-57637da elementor-widget elementor-widget-heading\" data-id=\"57637da\" data-element_type=\"widget\" data-widget_type=\"heading.default\">\n\t\t\t\t\t<h2 class=\"elementor-heading-title elementor-size-default\">Mobiliario<\/h2>\t\t\t\t<\/div>\n\t\t\t\t<div class=\"elementor-element elementor-element-40a4c2f elementor-widget elementor-widget-heading\" data-id=\"40a4c2f\" data-element_type=\"widget\" data-widget_type=\"heading.default\">\n\t\t\t\t\t<h2 class=\"elementor-heading-title elementor-size-default\">Mobiliario a medida para tu hogar<\/h2>\t\t\t\t<\/div>\n\t\t<div class=\"elementor-element elementor-element-e2d9bfe e-flex e-con-boxed wpr-particle-no wpr-jarallax-no wpr-parallax-no wpr-sticky-section-no e-con e-child\" data-id=\"e2d9bfe\" data-element_type=\"container\">\n\t\t\t\t\t<div class=\"e-con-inner\">\n\t\t\t\t<div class=\"elementor-element elementor-element-0b52455 elementor-widget elementor-widget-text-editor\" data-id=\"0b52455\" data-element_type=\"widget\" data-widget_type=\"text-editor.default\">\n\t\t\t\t\t\t\t\t\t<p>Seleccionamos y dise\u00f1amos mobiliario que combina funcionalidad, estilo y calidad.<\/p><p>Desde piezas cl\u00e1sicas hasta dise\u00f1os contempor\u00e1neos, contamos con opciones para todos los gustos y espacios.<\/p><p>Cada mueble es elegido cuidadosamente para garantizar comodidad, durabilidad y que se adapte perfectamente a tu decoraci\u00f3n.<\/p><p>Ya sea para salones, dormitorios, despachos o cualquier rinc\u00f3n de tu hogar, ofrecemos soluciones que transforman tus ambientes.<\/p>\t\t\t\t\t\t\t\t<\/div>\n\t\t\t\t<div class=\"elementor-element elementor-element-98a2c17 elementor-widget elementor-widget-heading\" data-id=\"98a2c17\" data-element_type=\"widget\" data-widget_type=\"heading.default\">\n\t\t\t\t\t<h2 class=\"elementor-heading-title elementor-size-default\">Descubre c\u00f3mo el mobiliario adecuado puede cambiar completamente la experiencia de tu hogar.\n<\/h2>\t\t\t\t<\/div>\n\t\t\t\t\t<\/div>\n\t\t\t\t<\/div>\n\t\t\t\t<div class=\"elementor-element elementor-element-93668b4 elementor-arrows-position-inside elementor-pagination-position-outside elementor-widget elementor-widget-image-carousel\" data-id=\"93668b4\" data-element_type=\"widget\" data-settings=\"{&quot;slides_to_show&quot;:&quot;1&quot;,&quot;autoplay_speed&quot;:3000,&quot;effect&quot;:&quot;fade&quot;,&quot;navigation&quot;:&quot;both&quot;,&quot;autoplay&quot;:&quot;yes&quot;,&quot;pause_on_interaction&quot;:&quot;yes&quot;,&quot;infinite&quot;:&quot;yes&quot;,&quot;speed&quot;:500}\" data-widget_type=\"image-carousel.default\">\n\t\t\t\t\t\t\t<div class=\"elementor-image-carousel-wrapper swiper\" role=\"region\" aria-roledescription=\"carousel\" aria-label=\"Carrusel cocina\" dir=\"ltr\">\n\t\t\t<div class=\"elementor-image-carousel swiper-wrapper swiper-image-stretch\" aria-live=\"off\">\n\t\t\t\t\t\t\t\t<div class=\"swiper-slide\" role=\"group\" aria-roledescription=\"slide\" aria-label=\"1 de 2\"><a data-elementor-open-lightbox=\"yes\" data-elementor-lightbox-slideshow=\"93668b4\" data-elementor-lightbox-title=\"mobiliario\" data-e-action-hash=\"#elementor-action%3Aaction%3Dlightbox%26settings%3DeyJpZCI6MTU1MSwidXJsIjoiaHR0cHM6XC9cL3d3dy5zb25pYWdvbWV6cG9yY2VsYW5vc2EuY29tXC93cC1jb250ZW50XC91cGxvYWRzXC8yMDI1XC8wOFwvbW9iaWxpYXJpby5qcGciLCJzbGlkZXNob3ciOiI5MzY2OGI0In0%3D\" href=\"https:\/\/www.soniagomezporcelanosa.com\/wp-content\/uploads\/2025\/08\/mobiliario.jpg\"><figure class=\"swiper-slide-inner\"><img decoding=\"async\" class=\"swiper-slide-image\" src=\"https:\/\/www.soniagomezporcelanosa.com\/wp-content\/uploads\/2025\/08\/mobiliario-1024x576.jpg\" alt=\"mobiliario\" \/><\/figure><\/a><\/div><div class=\"swiper-slide\" role=\"group\" aria-roledescription=\"slide\" aria-label=\"2 de 2\"><a data-elementor-open-lightbox=\"yes\" data-elementor-lightbox-slideshow=\"93668b4\" data-elementor-lightbox-title=\"fondo (6)\" data-e-action-hash=\"#elementor-action%3Aaction%3Dlightbox%26settings%3DeyJpZCI6MjAsInVybCI6Imh0dHBzOlwvXC93d3cuc29uaWFnb21lenBvcmNlbGFub3NhLmNvbVwvd3AtY29udGVudFwvdXBsb2Fkc1wvMjAyNVwvMDdcL2ZvbmRvLTYuanBnIiwic2xpZGVzaG93IjoiOTM2NjhiNCJ9\" href=\"https:\/\/www.soniagomezporcelanosa.com\/wp-content\/uploads\/2025\/07\/fondo-6.jpg\"><figure class=\"swiper-slide-inner\"><img decoding=\"async\" class=\"swiper-slide-image\" src=\"https:\/\/www.soniagomezporcelanosa.com\/wp-content\/uploads\/2025\/07\/fondo-6.jpg\" alt=\"fondo (6)\" \/><\/figure><\/a><\/div>\t\t\t<\/div>\n\t\t\t\t\t\t\t\t\t\t\t\t<div class=\"elementor-swiper-button elementor-swiper-button-prev\" role=\"button\" tabindex=\"0\">\n\t\t\t\t\t\t<i aria-hidden=\"true\" class=\"eicon-chevron-left\"><\/i>\t\t\t\t\t<\/div>\n\t\t\t\t\t<div class=\"elementor-swiper-button elementor-swiper-button-next\" role=\"button\" tabindex=\"0\">\n\t\t\t\t\t\t<i aria-hidden=\"true\" class=\"eicon-chevron-right\"><\/i>\t\t\t\t\t<\/div>\n\t\t\t\t\n\t\t\t\t\t\t\t\t\t<div class=\"swiper-pagination\"><\/div>\n\t\t\t\t\t\t\t\t\t<\/div>\n\t\t\t\t\t\t<\/div>\n\t\t\t\t\t<\/div>\n\t\t\t\t<\/div>\n\t\t<div class=\"elementor-element elementor-element-19c5bd8 e-flex e-con-boxed wpr-particle-no wpr-jarallax-no wpr-parallax-no wpr-sticky-section-no e-con e-parent\" data-id=\"19c5bd8\" data-element_type=\"container\">\n\t\t\t\t\t<div class=\"e-con-inner\">\n\t\t\t\t<div class=\"elementor-element elementor-element-a58c28b wpr-button-icon-style-inline wpr-button-icon-position-right elementor-widget elementor-widget-wpr-button\" data-id=\"a58c28b\" data-element_type=\"widget\" data-widget_type=\"wpr-button.default\">\n\t\t\t\t\t\t\n\t\t\t\n\t\t\n\t\t<div class=\"wpr-button-wrap elementor-clearfix\">\n\t\t<a class=\"wpr-button wpr-button-effect wpr-button-none\" data-text=\"\" href=\"https:\/\/www.soniagomezporcelanosa.com\/index.php\/mobiliario-galeria\/\">\n\t\t\t\n\t\t\t<span class=\"wpr-button-content\">\n\t\t\t\t\t\t\t\t\t<span class=\"wpr-button-text\">Galer\u00eda<\/span>\n\t\t\t\t\t\t\t\t\n\t\t\t\t\t\t\t<\/span>\n\t\t<\/a>\n\n\t\t\t\t<\/div>\n\t\n\t\n\t\t\t\t\t<\/div>\n\t\t<div class=\"elementor-element elementor-element-e7f79d1 e-con-full e-flex wpr-particle-no wpr-jarallax-no wpr-parallax-no wpr-sticky-section-no e-con e-child\" data-id=\"e7f79d1\" data-element_type=\"container\">\n\t\t\t\t<div class=\"elementor-element elementor-element-d222fed elementor-widget elementor-widget-heading\" data-id=\"d222fed\" data-element_type=\"widget\" data-widget_type=\"heading.default\">\n\t\t\t\t\t<h2 class=\"elementor-heading-title elementor-size-default\">Nuestras marcas<\/h2>\t\t\t\t<\/div>\n\t\t<div class=\"elementor-element elementor-element-13aa9e4 e-flex e-con-boxed wpr-particle-no wpr-jarallax-no wpr-parallax-no wpr-sticky-section-no e-con e-child\" data-id=\"13aa9e4\" data-element_type=\"container\">\n\t\t\t\t\t<div class=\"e-con-inner\">\n\t\t\t\t<div class=\"elementor-element elementor-element-9ec692b elementor-widget elementor-widget-text-editor\" data-id=\"9ec692b\" data-element_type=\"widget\" data-widget_type=\"text-editor.default\">\n\t\t\t\t\t\t\t\t\t<p>En nuestras reformas integrales dise\u00f1amos espacios de mobiliario que combinan est\u00e9tica, funcionalidad y confort. Trabajamos con las mejores marcas del mercado para garantizar ambientes \u00fanicos y duraderos.<\/p>\t\t\t\t\t\t\t\t<\/div>\n\t\t\t\t<div class=\"elementor-element elementor-element-333f757 elementor-widget elementor-widget-heading\" data-id=\"333f757\" data-element_type=\"widget\" data-widget_type=\"heading.default\">\n\t\t\t\t\t<h2 class=\"elementor-heading-title elementor-size-default\">Conf\u00eda en nosotros para transformar tu hogar en un lugar moderno, c\u00f3modo y adaptado a tus necesidades, con la garant\u00eda del mejor producto y servicio.<\/h2>\t\t\t\t<\/div>\n\t\t\t\t\t<\/div>\n\t\t\t\t<\/div>\n\t\t<div class=\"elementor-element elementor-element-db7dbee e-con-full e-flex wpr-particle-no wpr-jarallax-no wpr-parallax-no wpr-sticky-section-no e-con e-child\" data-id=\"db7dbee\" data-element_type=\"container\">\n\t\t\t\t<div class=\"elementor-element elementor-element-6066d91 elementor-widget elementor-widget-elementskit-client-logo\" data-id=\"6066d91\" data-element_type=\"widget\" data-widget_type=\"elementskit-client-logo.default\">\n\t\t\t\t\t<div class=\"ekit-wid-con\" >\t\t<div class=\"elementskit-clients-slider slider-dotted dot_dotted simple_logo_image\" data-config=\"{&quot;rtl&quot;:false,&quot;arrows&quot;:false,&quot;dots&quot;:true,&quot;autoplay&quot;:true,&quot;speed&quot;:1000,&quot;slidesPerView&quot;:4,&quot;slidesPerGroup&quot;:1,&quot;pauseOnHover&quot;:true,&quot;loop&quot;:false,&quot;breakpoints&quot;:{&quot;320&quot;:{&quot;slidesPerView&quot;:1,&quot;slidesPerGroup&quot;:1,&quot;spaceBetween&quot;:10},&quot;768&quot;:{&quot;slidesPerView&quot;:2,&quot;slidesPerGroup&quot;:1,&quot;spaceBetween&quot;:10},&quot;1024&quot;:{&quot;slidesPerView&quot;:4,&quot;slidesPerGroup&quot;:1,&quot;spaceBetween&quot;:15}},&quot;grid&quot;:{&quot;fill&quot;:&quot;row&quot;,&quot;rows&quot;:2}}\" data-direction=\"\">\n\t\t\t<div class=\"ekit-main-swiper swiper\">\n\t\t\t\t<div class=\"swiper-wrapper\">\n\t\t\t\t\t\t\t\t\t\t\t<div class=\"elementskit-client-slider-item swiper-slide \">\n\t\t\t\t\t\t\t<div class=\"swiper-slide-inner\">\n\t\t\t\t\t\t\t\t<div class=\"single-client image-switcher\" title=\"Ideas Group\">\n\t\t\t\t\t\t\t\t\t\t\t\t\t\t\t\t\t\t\t<a href=\"https:\/\/www.ideasgroupdesign.com\/\" target=\"_blank\">\n\t\t\t\t\t\t\t\t\t\t\t<span class=\"content-image\">\n\t\t\t\t\t\t\t\t\t\t\t\t<img fetchpriority=\"high\" decoding=\"async\" width=\"400\" height=\"400\" src=\"https:\/\/www.soniagomezporcelanosa.com\/wp-content\/uploads\/2025\/12\/ideas_logo.jpg\" class=\"\" alt=\"\" srcset=\"https:\/\/www.soniagomezporcelanosa.com\/wp-content\/uploads\/2025\/12\/ideas_logo.jpg 400w, https:\/\/www.soniagomezporcelanosa.com\/wp-content\/uploads\/2025\/12\/ideas_logo-300x300.jpg 300w, https:\/\/www.soniagomezporcelanosa.com\/wp-content\/uploads\/2025\/12\/ideas_logo-150x150.jpg 150w\" sizes=\"(max-width: 400px) 100vw, 400px\" \/>\t\t\t\t\t\t\t\t\t\t\t<\/span>\n\t\t\t\t\t\t\t\t\t\t<\/a>\n\t\t\t\t\t\t\t\t\t\t\t\t\t\t\t\t\t<\/div>\n\t\t\t\t\t\t\t<\/div>\n\t\t\t\t\t\t<\/div>\n\t\t\t\t\t\t\t\t\t\t\t<div class=\"elementskit-client-slider-item swiper-slide \">\n\t\t\t\t\t\t\t<div class=\"swiper-slide-inner\">\n\t\t\t\t\t\t\t\t<div class=\"single-client image-switcher\" title=\"Inca mobiliario\">\n\t\t\t\t\t\t\t\t\t\t\t\t\t\t\t\t\t\t\t<a href=\"https:\/\/incamobiliario.com\/\" target=\"_blank\">\n\t\t\t\t\t\t\t\t\t\t\t<span class=\"content-image\">\n\t\t\t\t\t\t\t\t\t\t\t\t<img decoding=\"async\" width=\"400\" height=\"400\" src=\"https:\/\/www.soniagomezporcelanosa.com\/wp-content\/uploads\/2025\/12\/inca_logo.jpg\" class=\"\" alt=\"\" srcset=\"https:\/\/www.soniagomezporcelanosa.com\/wp-content\/uploads\/2025\/12\/inca_logo.jpg 400w, https:\/\/www.soniagomezporcelanosa.com\/wp-content\/uploads\/2025\/12\/inca_logo-300x300.jpg 300w, https:\/\/www.soniagomezporcelanosa.com\/wp-content\/uploads\/2025\/12\/inca_logo-150x150.jpg 150w\" sizes=\"(max-width: 400px) 100vw, 400px\" \/>\t\t\t\t\t\t\t\t\t\t\t<\/span>\n\t\t\t\t\t\t\t\t\t\t<\/a>\n\t\t\t\t\t\t\t\t\t\t\t\t\t\t\t\t\t<\/div>\n\t\t\t\t\t\t\t<\/div>\n\t\t\t\t\t\t<\/div>\n\t\t\t\t\t\t\t\t\t\t\t<div class=\"elementskit-client-slider-item swiper-slide \">\n\t\t\t\t\t\t\t<div class=\"swiper-slide-inner\">\n\t\t\t\t\t\t\t\t<div class=\"single-client image-switcher\" title=\"Mesinor\">\n\t\t\t\t\t\t\t\t\t\t\t\t\t\t\t\t\t\t\t<a href=\"https:\/\/mesinor.com\/\" target=\"_blank\">\n\t\t\t\t\t\t\t\t\t\t\t<span class=\"content-image\">\n\t\t\t\t\t\t\t\t\t\t\t\t<img decoding=\"async\" width=\"400\" height=\"400\" src=\"https:\/\/www.soniagomezporcelanosa.com\/wp-content\/uploads\/2025\/12\/mesinor_logo.jpg\" class=\"\" alt=\"\" srcset=\"https:\/\/www.soniagomezporcelanosa.com\/wp-content\/uploads\/2025\/12\/mesinor_logo.jpg 400w, https:\/\/www.soniagomezporcelanosa.com\/wp-content\/uploads\/2025\/12\/mesinor_logo-300x300.jpg 300w, https:\/\/www.soniagomezporcelanosa.com\/wp-content\/uploads\/2025\/12\/mesinor_logo-150x150.jpg 150w\" sizes=\"(max-width: 400px) 100vw, 400px\" \/>\t\t\t\t\t\t\t\t\t\t\t<\/span>\n\t\t\t\t\t\t\t\t\t\t<\/a>\n\t\t\t\t\t\t\t\t\t\t\t\t\t\t\t\t\t<\/div>\n\t\t\t\t\t\t\t<\/div>\n\t\t\t\t\t\t<\/div>\n\t\t\t\t\t\t\t\t\t<\/div>\n\n\t\t\t\t\t\t\t\t\t<div class=\"swiper-pagination\"><\/div>\n\t\t\t\t\n\t\t\t\t\t\t\t<\/div><!-- .elementskit-clients-slider END -->\n\t\t<\/div>\n\t\t<\/div>\t\t\t\t<\/div>\n\t\t\t\t<\/div>\n\t\t\t\t<\/div>\n\t\t\t\t\t<\/div>\n\t\t\t\t<\/div>\n\t\t<div class=\"elementor-element elementor-element-638ff9e e-flex e-con-boxed wpr-particle-no wpr-jarallax-no wpr-parallax-no wpr-sticky-section-no e-con e-parent\" data-id=\"638ff9e\" data-element_type=\"container\" data-settings=\"{&quot;background_background&quot;:&quot;classic&quot;}\">\n\t\t\t\t\t<div class=\"e-con-inner\">\n\t\t\t\t<div class=\"elementor-element elementor-element-24038f1 elementor-widget elementor-widget-heading\" data-id=\"24038f1\" data-element_type=\"widget\" data-widget_type=\"heading.default\">\n\t\t\t\t\t<h2 class=\"elementor-heading-title elementor-size-default\">Servicios<\/h2>\t\t\t\t<\/div>\n\t\t\t\t<div class=\"elementor-element elementor-element-48c8821 elementor-widget elementor-widget-heading\" data-id=\"48c8821\" data-element_type=\"widget\" data-widget_type=\"heading.default\">\n\t\t\t\t\t<h2 class=\"elementor-heading-title elementor-size-default\">Mobiliario que transforma tus espacios<\/h2>\t\t\t\t<\/div>\n\t\t<div class=\"elementor-element elementor-element-edd02b0 e-flex e-con-boxed wpr-particle-no wpr-jarallax-no wpr-parallax-no wpr-sticky-section-no e-con e-child\" data-id=\"edd02b0\" data-element_type=\"container\">\n\t\t\t\t\t<div class=\"e-con-inner\">\n\t\t\t\t<div class=\"elementor-element elementor-element-1d02137 elementor-widget elementor-widget-text-editor\" data-id=\"1d02137\" data-element_type=\"widget\" data-widget_type=\"text-editor.default\">\n\t\t\t\t\t\t\t\t\t<p>Ofrecemos una selecci\u00f3n completa de mobiliario de calidad adaptado a tu estilo y necesidades. Desde la asesor\u00eda inicial hasta la entrega e instalaci\u00f3n, nos encargamos de que cada pieza sea perfecta para tu espacio.<\/p>\t\t\t\t\t\t\t\t<\/div>\n\t\t\t\t\t<\/div>\n\t\t\t\t<\/div>\n\t\t<div class=\"elementor-element elementor-element-14313dc e-flex e-con-boxed wpr-particle-no wpr-jarallax-no wpr-parallax-no wpr-sticky-section-no e-con e-child\" data-id=\"14313dc\" data-element_type=\"container\">\n\t\t\t\t\t<div class=\"e-con-inner\">\n\t\t<div class=\"elementor-element elementor-element-ed4791c e-grid e-con-full wpr-particle-no wpr-jarallax-no wpr-parallax-no wpr-sticky-section-no e-con e-child\" data-id=\"ed4791c\" data-element_type=\"container\">\n\t\t\t\t<div class=\"elementor-element elementor-element-9d7eb0b elementor-invisible elementor-widget elementor-widget-icon-box\" data-id=\"9d7eb0b\" data-element_type=\"widget\" data-settings=\"{&quot;_animation&quot;:&quot;zoomIn&quot;}\" data-widget_type=\"icon-box.default\">\n\t\t\t\t\t\t\t<div class=\"elementor-icon-box-wrapper\">\n\n\t\t\t\n\t\t\t\t\t\t<div class=\"elementor-icon-box-content\">\n\n\t\t\t\t\t\t\t\t\t<h3 class=\"elementor-icon-box-title\">\n\t\t\t\t\t\t<span  >\n\t\t\t\t\t\t\tDise\u00f1o a medida\t\t\t\t\t\t<\/span>\n\t\t\t\t\t<\/h3>\n\t\t\t\t\n\t\t\t\t\t\t\t\t\t<p class=\"elementor-icon-box-description\">\n\t\t\t\t\t\tCreamos soluciones de mobiliario personalizadas que se adaptan a tus espacios y necesidades. Cada pieza es seleccionada o dise\u00f1ada pensando en tu comodidad y estilo.\t\t\t\t\t<\/p>\n\t\t\t\t\n\t\t\t<\/div>\n\t\t\t\n\t\t<\/div>\n\t\t\t\t\t\t<\/div>\n\t\t\t\t<div class=\"elementor-element elementor-element-083c412 elementor-invisible elementor-widget elementor-widget-icon-box\" data-id=\"083c412\" data-element_type=\"widget\" data-settings=\"{&quot;_animation&quot;:&quot;zoomIn&quot;}\" data-widget_type=\"icon-box.default\">\n\t\t\t\t\t\t\t<div class=\"elementor-icon-box-wrapper\">\n\n\t\t\t\n\t\t\t\t\t\t<div class=\"elementor-icon-box-content\">\n\n\t\t\t\t\t\t\t\t\t<h3 class=\"elementor-icon-box-title\">\n\t\t\t\t\t\t<span  >\n\t\t\t\t\t\t\tMateriales premium\t\t\t\t\t\t<\/span>\n\t\t\t\t\t<\/h3>\n\t\t\t\t\n\t\t\t\t\t\t\t\t\t<p class=\"elementor-icon-box-description\">\n\t\t\t\t\t\tTrabajamos \u00fanicamente con materiales de primera calidad que garantizan durabilidad y belleza. Seleccionamos cada detalle para asegurar que tu mobiliario perdure en el tiempo.\n\t\t\t\t\t<\/p>\n\t\t\t\t\n\t\t\t<\/div>\n\t\t\t\n\t\t<\/div>\n\t\t\t\t\t\t<\/div>\n\t\t\t\t<div class=\"elementor-element elementor-element-388dd2b elementor-invisible elementor-widget elementor-widget-icon-box\" data-id=\"388dd2b\" data-element_type=\"widget\" data-settings=\"{&quot;_animation&quot;:&quot;zoomIn&quot;}\" data-widget_type=\"icon-box.default\">\n\t\t\t\t\t\t\t<div class=\"elementor-icon-box-wrapper\">\n\n\t\t\t\n\t\t\t\t\t\t<div class=\"elementor-icon-box-content\">\n\n\t\t\t\t\t\t\t\t\t<h3 class=\"elementor-icon-box-title\">\n\t\t\t\t\t\t<span  >\n\t\t\t\t\t\t\tFuncionalidad y confort\t\t\t\t\t\t<\/span>\n\t\t\t\t\t<\/h3>\n\t\t\t\t\n\t\t\t\t\t\t\t\t\t<p class=\"elementor-icon-box-description\">\n\t\t\t\t\t\tEl mobiliario debe ser pr\u00e1ctico y c\u00f3modo. Combinamos dise\u00f1o inteligente con confort para crear espacios que mejoran tu d\u00eda a d\u00eda.\t\t\t\t\t<\/p>\n\t\t\t\t\n\t\t\t<\/div>\n\t\t\t\n\t\t<\/div>\n\t\t\t\t\t\t<\/div>\n\t\t\t\t<div class=\"elementor-element elementor-element-8338353 elementor-invisible elementor-widget elementor-widget-icon-box\" data-id=\"8338353\" data-element_type=\"widget\" data-settings=\"{&quot;_animation&quot;:&quot;zoomIn&quot;}\" data-widget_type=\"icon-box.default\">\n\t\t\t\t\t\t\t<div class=\"elementor-icon-box-wrapper\">\n\n\t\t\t\n\t\t\t\t\t\t<div class=\"elementor-icon-box-content\">\n\n\t\t\t\t\t\t\t\t\t<h3 class=\"elementor-icon-box-title\">\n\t\t\t\t\t\t<span  >\n\t\t\t\t\t\t\tAcabados impecables\t\t\t\t\t\t<\/span>\n\t\t\t\t\t<\/h3>\n\t\t\t\t\n\t\t\t\t\t\t\t\t\t<p class=\"elementor-icon-box-description\">\n\t\t\t\t\t\tCada mueble es montado y acabado con precisi\u00f3n profesional. Garantizamos que cada pieza luzca perfecta y est\u00e9 lista para disfrutar.\t\t\t\t\t<\/p>\n\t\t\t\t\n\t\t\t<\/div>\n\t\t\t\n\t\t<\/div>\n\t\t\t\t\t\t<\/div>\n\t\t\t\t<\/div>\n\t\t\t\t\t<\/div>\n\t\t\t\t<\/div>\n\t\t\t\t\t<\/div>\n\t\t\t\t<\/div>\n\t\t\t\t<\/div>\n\t\t","protected":false},"excerpt":{"rendered":"<p>Mobiliario Mobiliario Mobiliario a medida para tu hogar Seleccionamos y dise\u00f1amos mobiliario que combina funcionalidad, estilo y calidad. Desde piezas cl\u00e1sicas hasta dise\u00f1os contempor\u00e1neos, contamos con opciones para todos los gustos y espacios. Cada mueble es elegido cuidadosamente para garantizar comodidad, durabilidad y que se adapte perfectamente a tu decoraci\u00f3n. Ya sea para salones, dormitorios, despachos o cualquier rinc\u00f3n de tu hogar, ofrecemos soluciones que transforman tus ambientes. Descubre c\u00f3mo el mobiliario adecuado puede cambiar completamente la experiencia de tu hogar. Galer\u00eda Nuestras marcas En nuestras reformas integrales dise\u00f1amos espacios de mobiliario que combinan est\u00e9tica, funcionalidad y confort. Trabajamos con las mejores marcas del mercado para garantizar ambientes \u00fanicos y duraderos. Conf\u00eda en nosotros para transformar tu hogar en un lugar moderno, c\u00f3modo y adaptado a tus necesidades, con la garant\u00eda del mejor producto y servicio. Servicios Mobiliario que transforma tus espacios Ofrecemos una selecci\u00f3n completa de mobiliario de calidad adaptado a tu estilo y necesidades. Desde la asesor\u00eda inicial hasta la entrega e instalaci\u00f3n, nos encargamos de que cada pieza sea perfecta para tu espacio. Dise\u00f1o a medida Creamos soluciones de mobiliario personalizadas que se adaptan a tus espacios y necesidades. Cada pieza es seleccionada o dise\u00f1ada pensando en tu comodidad y estilo. Materiales premium Trabajamos \u00fanicamente con materiales de primera calidad que garantizan durabilidad y belleza. Seleccionamos cada detalle para asegurar que tu mobiliario perdure en el tiempo. Funcionalidad y confort El mobiliario debe ser pr\u00e1ctico y c\u00f3modo. Combinamos dise\u00f1o inteligente con confort para crear espacios que mejoran tu d\u00eda a d\u00eda. Acabados impecables Cada mueble es montado y acabado con precisi\u00f3n profesional. Garantizamos que cada pieza luzca perfecta y est\u00e9 lista para disfrutar.<\/p>\n","protected":false},"author":1,"featured_media":0,"parent":0,"menu_order":0,"comment_status":"closed","ping_status":"closed","template":"elementor_canvas","meta":{"footnotes":""},"class_list":["post-1788","page","type-page","status-publish","hentry"],"_links":{"self":[{"href":"https:\/\/www.soniagomezporcelanosa.com\/index.php\/wp-json\/wp\/v2\/pages\/1788","targetHints":{"allow":["GET"]}}],"collection":[{"href":"https:\/\/www.soniagomezporcelanosa.com\/index.php\/wp-json\/wp\/v2\/pages"}],"about":[{"href":"https:\/\/www.soniagomezporcelanosa.com\/index.php\/wp-json\/wp\/v2\/types\/page"}],"author":[{"embeddable":true,"href":"https:\/\/www.soniagomezporcelanosa.com\/index.php\/wp-json\/wp\/v2\/users\/1"}],"replies":[{"embeddable":true,"href":"https:\/\/www.soniagomezporcelanosa.com\/index.php\/wp-json\/wp\/v2\/comments?post=1788"}],"version-history":[{"count":22,"href":"https:\/\/www.soniagomezporcelanosa.com\/index.php\/wp-json\/wp\/v2\/pages\/1788\/revisions"}],"predecessor-version":[{"id":2253,"href":"https:\/\/www.soniagomezporcelanosa.com\/index.php\/wp-json\/wp\/v2\/pages\/1788\/revisions\/2253"}],"wp:attachment":[{"href":"https:\/\/www.soniagomezporcelanosa.com\/index.php\/wp-json\/wp\/v2\/media?parent=1788"}],"curies":[{"name":"wp","href":"https:\/\/api.w.org\/{rel}","templated":true}]}}