{"id":11,"date":"2024-05-07T10:39:18","date_gmt":"2024-05-07T10:39:18","guid":{"rendered":"https:\/\/demosites.royal-elementor-addons.com\/church-v1\/?page_id=11"},"modified":"2025-12-30T17:07:35","modified_gmt":"2025-12-30T17:07:35","slug":"sobre-nosotros","status":"publish","type":"page","link":"https:\/\/www.soniagomezporcelanosa.com\/index.php\/sobre-nosotros\/","title":{"rendered":"Sobre nosotros"},"content":{"rendered":"\t\t<div data-elementor-type=\"wp-page\" data-elementor-id=\"11\" class=\"elementor elementor-11\">\n\t\t\t\t<div class=\"elementor-element elementor-element-fe152ec e-flex e-con-boxed wpr-particle-no wpr-jarallax-no wpr-parallax-no wpr-sticky-section-no e-con e-parent\" data-id=\"fe152ec\" data-element_type=\"container\" data-settings=\"{&quot;background_background&quot;:&quot;classic&quot;}\">\n\t\t\t\t\t<div class=\"e-con-inner\">\n\t\t\t\t<div class=\"elementor-element elementor-element-f057ef0 elementor-widget elementor-widget-heading\" data-id=\"f057ef0\" data-element_type=\"widget\" data-widget_type=\"heading.default\">\n\t\t\t\t\t<h1 class=\"elementor-heading-title elementor-size-default\">Sobre nosotros<\/h1>\t\t\t\t<\/div>\n\t\t\t\t\t<\/div>\n\t\t\t\t<\/div>\n\t\t<div class=\"elementor-element elementor-element-280f9b9 e-flex e-con-boxed wpr-particle-no wpr-jarallax-no wpr-parallax-no wpr-sticky-section-no elementor-invisible e-con e-parent\" data-id=\"280f9b9\" data-element_type=\"container\" id=\"quienes\" data-settings=\"{&quot;animation&quot;:&quot;zoomIn&quot;}\">\n\t\t\t\t\t<div class=\"e-con-inner\">\n\t\t<div class=\"elementor-element elementor-element-68151cd e-flex e-con-boxed wpr-particle-no wpr-jarallax-no wpr-parallax-no wpr-sticky-section-no e-con e-child\" data-id=\"68151cd\" data-element_type=\"container\">\n\t\t\t\t\t<div class=\"e-con-inner\">\n\t\t\t\t<div class=\"elementor-element elementor-element-494efbf elementor-widget elementor-widget-heading\" data-id=\"494efbf\" data-element_type=\"widget\" data-widget_type=\"heading.default\">\n\t\t\t\t\t<h2 class=\"elementor-heading-title elementor-size-default\">Sobre nosotros<\/h2>\t\t\t\t<\/div>\n\t\t\t\t<div class=\"elementor-element elementor-element-fa0fdad elementor-widget elementor-widget-heading\" data-id=\"fa0fdad\" data-element_type=\"widget\" data-widget_type=\"heading.default\">\n\t\t\t\t\t<h2 class=\"elementor-heading-title elementor-size-default\">\u00bfQuienes somos?<\/h2>\t\t\t\t<\/div>\n\t\t<div class=\"elementor-element elementor-element-dcd5a3a e-flex e-con-boxed wpr-particle-no wpr-jarallax-no wpr-parallax-no wpr-sticky-section-no e-con e-child\" data-id=\"dcd5a3a\" data-element_type=\"container\">\n\t\t\t\t\t<div class=\"e-con-inner\">\n\t\t\t\t<div class=\"elementor-element elementor-element-41d2bbe elementor-widget elementor-widget-text-editor\" data-id=\"41d2bbe\" data-element_type=\"widget\" data-widget_type=\"text-editor.default\">\n\t\t\t\t\t\t\t\t\t<p>Sonia G\u00f3mez es tu compa\u00f1ero en la transformaci\u00f3n de espacios.<\/p><p>Somos especialistas en dise\u00f1o e instalaci\u00f3n de cocinas y ba\u00f1os, con m\u00e1s de 20 a\u00f1os de experiencia creando hogares que combinan funcionalidad, belleza y calidad.<\/p><p>Contamos con la concesi\u00f3n oficial de Porcelanosa, lo que nos permite acceder a materiales premium y las \u00faltimas innovaciones en dise\u00f1o.<\/p><p>Nuestro equipo de expertos trabaja cuidadosamente en cada proyecto, garantizando acabados impecables y soluciones personalizadas que se adaptan a tus necesidades y presupuesto.<\/p>\t\t\t\t\t\t\t\t<\/div>\n\t\t<div class=\"elementor-element elementor-element-ea33f74 e-flex e-con-boxed wpr-particle-no wpr-jarallax-no wpr-parallax-no wpr-sticky-section-no e-con e-child\" data-id=\"ea33f74\" data-element_type=\"container\">\n\t\t\t\t\t<div class=\"e-con-inner\">\n\t\t\t\t<div class=\"elementor-element elementor-element-87551ab elementor-widget elementor-widget-image\" data-id=\"87551ab\" data-element_type=\"widget\" data-widget_type=\"image.default\">\n\t\t\t\t\t\t\t\t\t\t\t\t\t\t\t<img fetchpriority=\"high\" decoding=\"async\" width=\"300\" height=\"224\" src=\"https:\/\/www.soniagomezporcelanosa.com\/wp-content\/uploads\/2025\/07\/sonia_logo_completo_bordes-300x224.png\" class=\"attachment-medium size-medium wp-image-22\" alt=\"\" srcset=\"https:\/\/www.soniagomezporcelanosa.com\/wp-content\/uploads\/2025\/07\/sonia_logo_completo_bordes-300x224.png 300w, https:\/\/www.soniagomezporcelanosa.com\/wp-content\/uploads\/2025\/07\/sonia_logo_completo_bordes-768x572.png 768w, https:\/\/www.soniagomezporcelanosa.com\/wp-content\/uploads\/2025\/07\/sonia_logo_completo_bordes.png 887w\" sizes=\"(max-width: 300px) 100vw, 300px\" \/>\t\t\t\t\t\t\t\t\t\t\t\t\t\t\t<\/div>\n\t\t\t\t\t<\/div>\n\t\t\t\t<\/div>\n\t\t\t\t\t<\/div>\n\t\t\t\t<\/div>\n\t\t\t\t\t<\/div>\n\t\t\t\t<\/div>\n\t\t\t\t\t<\/div>\n\t\t\t\t<\/div>\n\t\t<div class=\"elementor-element elementor-element-badcccf e-flex e-con-boxed wpr-particle-no wpr-jarallax-no wpr-parallax-no wpr-sticky-section-no e-con e-parent\" data-id=\"badcccf\" data-element_type=\"container\" id=\"filosofia\">\n\t\t\t\t\t<div class=\"e-con-inner\">\n\t\t<div class=\"elementor-element elementor-element-7c8538d e-flex e-con-boxed wpr-particle-no wpr-jarallax-no wpr-parallax-no wpr-sticky-section-no elementor-invisible e-con e-child\" data-id=\"7c8538d\" data-element_type=\"container\" data-settings=\"{&quot;animation&quot;:&quot;slideInLeft&quot;}\">\n\t\t\t\t\t<div class=\"e-con-inner\">\n\t\t\t\t<div class=\"elementor-element elementor-element-ded46c3 elementor-widget elementor-widget-image\" data-id=\"ded46c3\" data-element_type=\"widget\" data-widget_type=\"image.default\">\n\t\t\t\t\t\t\t\t\t\t\t\t\t\t\t<img decoding=\"async\" width=\"960\" height=\"639\" src=\"https:\/\/www.soniagomezporcelanosa.com\/wp-content\/uploads\/2025\/10\/nosotros_1-1024x682.jpg\" class=\"attachment-large size-large wp-image-1848\" alt=\"\" srcset=\"https:\/\/www.soniagomezporcelanosa.com\/wp-content\/uploads\/2025\/10\/nosotros_1-1024x682.jpg 1024w, https:\/\/www.soniagomezporcelanosa.com\/wp-content\/uploads\/2025\/10\/nosotros_1-300x200.jpg 300w, https:\/\/www.soniagomezporcelanosa.com\/wp-content\/uploads\/2025\/10\/nosotros_1-768x512.jpg 768w, https:\/\/www.soniagomezporcelanosa.com\/wp-content\/uploads\/2025\/10\/nosotros_1-1536x1024.jpg 1536w, https:\/\/www.soniagomezporcelanosa.com\/wp-content\/uploads\/2025\/10\/nosotros_1.jpg 2000w\" sizes=\"(max-width: 960px) 100vw, 960px\" \/>\t\t\t\t\t\t\t\t\t\t\t\t\t\t\t<\/div>\n\t\t\t\t\t<\/div>\n\t\t\t\t<\/div>\n\t\t<div class=\"elementor-element elementor-element-280cef1 e-flex e-con-boxed wpr-particle-no wpr-jarallax-no wpr-parallax-no wpr-sticky-section-no elementor-invisible e-con e-child\" data-id=\"280cef1\" data-element_type=\"container\" data-settings=\"{&quot;animation&quot;:&quot;slideInRight&quot;}\">\n\t\t\t\t\t<div class=\"e-con-inner\">\n\t\t\t\t<div class=\"elementor-element elementor-element-22318f6 elementor-widget elementor-widget-heading\" data-id=\"22318f6\" data-element_type=\"widget\" data-widget_type=\"heading.default\">\n\t\t\t\t\t<h2 class=\"elementor-heading-title elementor-size-default\">Nuestra filosof\u00eda<\/h2>\t\t\t\t<\/div>\n\t\t\t\t<div class=\"elementor-element elementor-element-0fa6332 elementor-widget elementor-widget-text-editor\" data-id=\"0fa6332\" data-element_type=\"widget\" data-widget_type=\"text-editor.default\">\n\t\t\t\t\t\t\t\t\t<p>Creemos que tu hogar merece espacios que no solo sean bonitos, sino tambi\u00e9n funcionales y c\u00f3modos. Por eso, nos tomamos el tiempo de escuchar tus ideas, analizar cada detalle y crear proyectos que superan expectativas.<\/p><p>Desde la consultor\u00eda inicial hasta la instalaci\u00f3n final, te acompa\u00f1amos en cada paso del proceso. Nuestro compromiso es ofrecerte un servicio profesional, transparente y de calidad.<\/p>\t\t\t\t\t\t\t\t<\/div>\n\t\t\t\t<div class=\"elementor-element elementor-element-7ee3345 elementor-icon-list--layout-traditional elementor-list-item-link-full_width elementor-widget elementor-widget-icon-list\" data-id=\"7ee3345\" data-element_type=\"widget\" data-widget_type=\"icon-list.default\">\n\t\t\t\t\t\t\t<ul class=\"elementor-icon-list-items\">\n\t\t\t\t\t\t\t<li class=\"elementor-icon-list-item\">\n\t\t\t\t\t\t\t\t\t\t\t<span class=\"elementor-icon-list-icon\">\n\t\t\t\t\t\t\t<i aria-hidden=\"true\" class=\"fas fa-check\"><\/i>\t\t\t\t\t\t<\/span>\n\t\t\t\t\t\t\t\t\t\t<span class=\"elementor-icon-list-text\">Nos tomamos el tiempo de entender tus necesidades, gustos y presupuesto para crear soluciones \u00fanicas.<\/span>\n\t\t\t\t\t\t\t\t\t<\/li>\n\t\t\t\t\t\t\t\t<li class=\"elementor-icon-list-item\">\n\t\t\t\t\t\t\t\t\t\t\t<span class=\"elementor-icon-list-icon\">\n\t\t\t\t\t\t\t<i aria-hidden=\"true\" class=\"fas fa-check\"><\/i>\t\t\t\t\t\t<\/span>\n\t\t\t\t\t\t\t\t\t\t<span class=\"elementor-icon-list-text\">Trabajamos solo con materiales de calidad y acabados impecables en cada proyecto.<\/span>\n\t\t\t\t\t\t\t\t\t<\/li>\n\t\t\t\t\t\t\t\t<li class=\"elementor-icon-list-item\">\n\t\t\t\t\t\t\t\t\t\t\t<span class=\"elementor-icon-list-icon\">\n\t\t\t\t\t\t\t<i aria-hidden=\"true\" class=\"fas fa-check\"><\/i>\t\t\t\t\t\t<\/span>\n\t\t\t\t\t\t\t\t\t\t<span class=\"elementor-icon-list-text\">Te acompa\u00f1amos paso a paso con comunicaci\u00f3n clara y profesional desde el inicio hasta la finalizaci\u00f3n.<\/span>\n\t\t\t\t\t\t\t\t\t<\/li>\n\t\t\t\t\t\t\t\t<li class=\"elementor-icon-list-item\">\n\t\t\t\t\t\t\t\t\t\t\t<span class=\"elementor-icon-list-icon\">\n\t\t\t\t\t\t\t<i aria-hidden=\"true\" class=\"fas fa-check\"><\/i>\t\t\t\t\t\t<\/span>\n\t\t\t\t\t\t\t\t\t\t<span class=\"elementor-icon-list-text\">Nos compromitemos a superar tus expectativas en cada aspecto del proyecto.<\/span>\n\t\t\t\t\t\t\t\t\t<\/li>\n\t\t\t\t\t\t<\/ul>\n\t\t\t\t\t\t<\/div>\n\t\t\t\t\t<\/div>\n\t\t\t\t<\/div>\n\t\t\t\t\t<\/div>\n\t\t\t\t<\/div>\n\t\t<div class=\"elementor-element elementor-element-dc810c8 e-flex e-con-boxed wpr-particle-no wpr-jarallax-no wpr-parallax-no wpr-sticky-section-no e-con e-parent\" data-id=\"dc810c8\" data-element_type=\"container\">\n\t\t\t\t\t<div class=\"e-con-inner\">\n\t\t<div class=\"elementor-element elementor-element-a6b79fd e-con-full e-flex wpr-particle-no wpr-jarallax-no wpr-parallax-no wpr-sticky-section-no elementor-invisible e-con e-child\" data-id=\"a6b79fd\" data-element_type=\"container\" data-settings=\"{&quot;animation&quot;:&quot;slideInRight&quot;}\">\n\t\t\t\t<div class=\"elementor-element elementor-element-1bc23d1 elementor-widget elementor-widget-heading\" data-id=\"1bc23d1\" data-element_type=\"widget\" data-widget_type=\"heading.default\">\n\t\t\t\t\t<h2 class=\"elementor-heading-title elementor-size-default\">Vis\u00edtanos<\/h2>\t\t\t\t<\/div>\n\t\t\t\t<div class=\"elementor-element elementor-element-bd0aab2 elementor-widget elementor-widget-text-editor\" data-id=\"bd0aab2\" data-element_type=\"widget\" data-widget_type=\"text-editor.default\">\n\t\t\t\t\t\t\t\t\t<p>Te invitamos a conocer nuestro showroom, donde podr\u00e1s ver en persona nuestras propuestas, materiales y acabados. Nuestro equipo est\u00e1 listo para asesorarte.<\/p>\t\t\t\t\t\t\t\t<\/div>\n\t\t\t\t<\/div>\n\t\t<div class=\"elementor-element elementor-element-7fa695a elementor-hidden-tablet e-flex e-con-boxed wpr-particle-no wpr-jarallax-no wpr-parallax-no wpr-sticky-section-no e-con e-child\" data-id=\"7fa695a\" data-element_type=\"container\">\n\t\t\t\t\t<div class=\"e-con-inner\">\n\t\t\t\t<div class=\"elementor-element elementor-element-315db52 elementor-widget elementor-widget-image\" data-id=\"315db52\" data-element_type=\"widget\" data-widget_type=\"image.default\">\n\t\t\t\t\t\t\t\t\t\t\t\t\t\t\t<img decoding=\"async\" width=\"960\" height=\"639\" src=\"https:\/\/www.soniagomezporcelanosa.com\/wp-content\/uploads\/2025\/10\/nosotros_2-1024x682.jpg\" class=\"attachment-large size-large wp-image-1849\" alt=\"\" srcset=\"https:\/\/www.soniagomezporcelanosa.com\/wp-content\/uploads\/2025\/10\/nosotros_2-1024x682.jpg 1024w, https:\/\/www.soniagomezporcelanosa.com\/wp-content\/uploads\/2025\/10\/nosotros_2-300x200.jpg 300w, https:\/\/www.soniagomezporcelanosa.com\/wp-content\/uploads\/2025\/10\/nosotros_2-768x512.jpg 768w, https:\/\/www.soniagomezporcelanosa.com\/wp-content\/uploads\/2025\/10\/nosotros_2-1536x1024.jpg 1536w, https:\/\/www.soniagomezporcelanosa.com\/wp-content\/uploads\/2025\/10\/nosotros_2.jpg 2000w\" sizes=\"(max-width: 960px) 100vw, 960px\" \/>\t\t\t\t\t\t\t\t\t\t\t\t\t\t\t<\/div>\n\t\t\t\t\t<\/div>\n\t\t\t\t<\/div>\n\t\t\t\t\t<\/div>\n\t\t\t\t<\/div>\n\t\t<div class=\"elementor-element elementor-element-3e4d4c4 e-flex e-con-boxed wpr-particle-no wpr-jarallax-no wpr-parallax-no wpr-sticky-section-no e-con e-parent\" data-id=\"3e4d4c4\" data-element_type=\"container\" id=\"donde\">\n\t\t\t\t\t<div class=\"e-con-inner\">\n\t\t<div class=\"elementor-element elementor-element-e94b1c5 e-con-full e-flex wpr-particle-no wpr-jarallax-no wpr-parallax-no wpr-sticky-section-no elementor-invisible e-con e-child\" data-id=\"e94b1c5\" data-element_type=\"container\" data-settings=\"{&quot;animation&quot;:&quot;slideInLeft&quot;}\">\n\t\t\t\t<div class=\"elementor-element elementor-element-d4fe813 elementor-widget elementor-widget-google_maps\" data-id=\"d4fe813\" data-element_type=\"widget\" data-widget_type=\"google_maps.default\">\n\t\t\t\t\t\t\t<div class=\"elementor-custom-embed\">\n\t\t\t<iframe loading=\"lazy\"\n\t\t\t\t\tsrc=\"https:\/\/maps.google.com\/maps?q=sonia%20gomez%2C%20chantada&#038;t=m&#038;z=15&#038;output=embed&#038;iwloc=near\"\n\t\t\t\t\ttitle=\"sonia gomez, chantada\"\n\t\t\t\t\taria-label=\"sonia gomez, chantada\"\n\t\t\t><\/iframe>\n\t\t<\/div>\n\t\t\t\t\t\t<\/div>\n\t\t\t\t<div class=\"elementor-element elementor-element-3032dcd wpr-button-icon-style-inline wpr-button-icon-position-right elementor-widget elementor-widget-wpr-button\" data-id=\"3032dcd\" data-element_type=\"widget\" data-widget_type=\"wpr-button.default\">\n\t\t\t\t\t\t\n\t\t\t\n\t\t\n\t\t<div class=\"wpr-button-wrap elementor-clearfix\">\n\t\t<a class=\"wpr-button wpr-button-effect wpr-button-none\" data-text=\"\" href=\"https:\/\/www.google.com\/maps\/dir\/\/bajo,+R.+Juan+XXIII,+22,+27500+Chantada,+Lugo\/@42.6090605,-7.8524108,19527m\/data=!3m1!1e3!4m8!4m7!1m0!1m5!1m1!1s0xd30201a1459dbf9:0x794093e556fc8c1!2m2!1d-7.7699469!2d42.6091144?entry=ttu&#038;g_ep=EgoyMDI1MTAyOS4xIKXMDSoASAFQAw%3D%3D\" target=\"_blank\">\n\t\t\t\n\t\t\t<span class=\"wpr-button-content\">\n\t\t\t\t\t\t\t\t\t<span class=\"wpr-button-text\">Como llegar<\/span>\n\t\t\t\t\t\t\t\t\n\t\t\t\t\t\t\t<\/span>\n\t\t<\/a>\n\n\t\t\t\t<\/div>\n\t\n\t\n\t\t\t\t\t<\/div>\n\t\t\t\t<\/div>\n\t\t<div class=\"elementor-element elementor-element-47bcc61 e-con-full e-flex wpr-particle-no wpr-jarallax-no wpr-parallax-no wpr-sticky-section-no elementor-invisible e-con e-child\" data-id=\"47bcc61\" data-element_type=\"container\" data-settings=\"{&quot;animation&quot;:&quot;slideInRight&quot;}\">\n\t\t\t\t<div class=\"elementor-element elementor-element-1eb8c7f elementor-widget elementor-widget-heading\" data-id=\"1eb8c7f\" data-element_type=\"widget\" data-widget_type=\"heading.default\">\n\t\t\t\t\t<h2 class=\"elementor-heading-title elementor-size-default\">Donde estamos<\/h2>\t\t\t\t<\/div>\n\t\t\t\t<div class=\"elementor-element elementor-element-ad87e3e elementor-widget elementor-widget-text-editor\" data-id=\"ad87e3e\" data-element_type=\"widget\" data-widget_type=\"text-editor.default\">\n\t\t\t\t\t\t\t\t\t<p>Ven a visitarnos y descubre en persona nuestra selecci\u00f3n de materiales, acabados y propuestas de dise\u00f1o. Nuestro equipo te recibir\u00e1 con gusto para asesorarte sin compromiso y resolver todas tus dudas sobre tu proyecto.<\/p><p>Si prefieres contactar antes de visitarnos, puedes llamarnos o escribirnos por correo. Estamos aqu\u00ed para ayudarte a transformar tu hogar.<\/p>\t\t\t\t\t\t\t\t<\/div>\n\t\t\t\t<div class=\"elementor-element elementor-element-86ce666 elementor-icon-list--layout-traditional elementor-list-item-link-full_width elementor-widget elementor-widget-icon-list\" data-id=\"86ce666\" data-element_type=\"widget\" data-widget_type=\"icon-list.default\">\n\t\t\t\t\t\t\t<ul class=\"elementor-icon-list-items\">\n\t\t\t\t\t\t\t<li class=\"elementor-icon-list-item\">\n\t\t\t\t\t\t\t\t\t\t\t<span class=\"elementor-icon-list-icon\">\n\t\t\t\t\t\t\t<i aria-hidden=\"true\" class=\"far fa-address-card\"><\/i>\t\t\t\t\t\t<\/span>\n\t\t\t\t\t\t\t\t\t\t<span class=\"elementor-icon-list-text\">R\u00faa Juan XXIII, 22, Bajo. Chantada, Lugo. 27500<\/span>\n\t\t\t\t\t\t\t\t\t<\/li>\n\t\t\t\t\t\t\t\t<li class=\"elementor-icon-list-item\">\n\t\t\t\t\t\t\t\t\t\t\t<span class=\"elementor-icon-list-icon\">\n\t\t\t\t\t\t\t<i aria-hidden=\"true\" class=\"fas fa-phone-alt\"><\/i>\t\t\t\t\t\t<\/span>\n\t\t\t\t\t\t\t\t\t\t<span class=\"elementor-icon-list-text\"><a href=\"tel:982441249\" style='color: black'>(+34) 982 44 12 49<\/a><\/font><\/span>\n\t\t\t\t\t\t\t\t\t<\/li>\n\t\t\t\t\t\t\t\t<li class=\"elementor-icon-list-item\">\n\t\t\t\t\t\t\t\t\t\t\t<span class=\"elementor-icon-list-icon\">\n\t\t\t\t\t\t\t<i aria-hidden=\"true\" class=\"fas fa-at\"><\/i>\t\t\t\t\t\t<\/span>\n\t\t\t\t\t\t\t\t\t\t<span class=\"elementor-icon-list-text\"><a href=\"mailto:info@soniagomezporcelanosa.com\" style='color: black'>info@soniagomezporcelanosa.com<\/a><\/span>\n\t\t\t\t\t\t\t\t\t<\/li>\n\t\t\t\t\t\t\t\t<li class=\"elementor-icon-list-item\">\n\t\t\t\t\t\t\t\t\t\t\t<span class=\"elementor-icon-list-icon\">\n\t\t\t\t\t\t\t<i aria-hidden=\"true\" class=\"far fa-clock\"><\/i>\t\t\t\t\t\t<\/span>\n\t\t\t\t\t\t\t\t\t\t<span class=\"elementor-icon-list-text\">De Lunes a viernes:<br>10:00 - 14:00 \/ 16:00 - 20:00 <\/span>\n\t\t\t\t\t\t\t\t\t<\/li>\n\t\t\t\t\t\t\t\t<li class=\"elementor-icon-list-item\">\n\t\t\t\t\t\t\t\t\t\t<span class=\"elementor-icon-list-text\">&nbsp; &nbsp; &nbsp;S\u00e1bados<br>&nbsp;&nbsp;&nbsp;&nbsp;&nbsp;10:00 - 14:00 <\/span>\n\t\t\t\t\t\t\t\t\t<\/li>\n\t\t\t\t\t\t<\/ul>\n\t\t\t\t\t\t<\/div>\n\t\t\t\t<\/div>\n\t\t\t\t\t<\/div>\n\t\t\t\t<\/div>\n\t\t\t\t<\/div>\n\t\t","protected":false},"excerpt":{"rendered":"<p>Sobre nosotros Sobre nosotros \u00bfQuienes somos? Sonia G\u00f3mez es tu compa\u00f1ero en la transformaci\u00f3n de espacios. Somos especialistas en dise\u00f1o e instalaci\u00f3n de cocinas y ba\u00f1os, con m\u00e1s de 20 a\u00f1os de experiencia creando hogares que combinan funcionalidad, belleza y calidad. Contamos con la concesi\u00f3n oficial de Porcelanosa, lo que nos permite acceder a materiales premium y las \u00faltimas innovaciones en dise\u00f1o. Nuestro equipo de expertos trabaja cuidadosamente en cada proyecto, garantizando acabados impecables y soluciones personalizadas que se adaptan a tus necesidades y presupuesto. Nuestra filosof\u00eda Creemos que tu hogar merece espacios que no solo sean bonitos, sino tambi\u00e9n funcionales y c\u00f3modos. Por eso, nos tomamos el tiempo de escuchar tus ideas, analizar cada detalle y crear proyectos que superan expectativas. Desde la consultor\u00eda inicial hasta la instalaci\u00f3n final, te acompa\u00f1amos en cada paso del proceso. Nuestro compromiso es ofrecerte un servicio profesional, transparente y de calidad. Nos tomamos el tiempo de entender tus necesidades, gustos y presupuesto para crear soluciones \u00fanicas. Trabajamos solo con materiales de calidad y acabados impecables en cada proyecto. Te acompa\u00f1amos paso a paso con comunicaci\u00f3n clara y profesional desde el inicio hasta la finalizaci\u00f3n. Nos compromitemos a superar tus expectativas en cada aspecto del proyecto. Vis\u00edtanos Te invitamos a conocer nuestro showroom, donde podr\u00e1s ver en persona nuestras propuestas, materiales y acabados. Nuestro equipo est\u00e1 listo para asesorarte. Como llegar Donde estamos Ven a visitarnos y descubre en persona nuestra selecci\u00f3n de materiales, acabados y propuestas de dise\u00f1o. Nuestro equipo te recibir\u00e1 con gusto para asesorarte sin compromiso y resolver todas tus dudas sobre tu proyecto. Si prefieres contactar antes de visitarnos, puedes llamarnos o escribirnos por correo. Estamos aqu\u00ed para ayudarte a transformar tu hogar. R\u00faa Juan XXIII, 22, Bajo. Chantada, Lugo. 27500 (+34) 982 44 12 49 info@soniagomezporcelanosa.com De Lunes a viernes:10:00 &#8211; 14:00 \/ 16:00 &#8211; 20:00 &nbsp; &nbsp; &nbsp;S\u00e1bados&nbsp;&nbsp;&nbsp;&nbsp;&nbsp;10:00 &#8211; 14:00<\/p>\n","protected":false},"author":1,"featured_media":0,"parent":0,"menu_order":0,"comment_status":"closed","ping_status":"closed","template":"elementor_canvas","meta":{"footnotes":""},"class_list":["post-11","page","type-page","status-publish","hentry"],"_links":{"self":[{"href":"https:\/\/www.soniagomezporcelanosa.com\/index.php\/wp-json\/wp\/v2\/pages\/11","targetHints":{"allow":["GET"]}}],"collection":[{"href":"https:\/\/www.soniagomezporcelanosa.com\/index.php\/wp-json\/wp\/v2\/pages"}],"about":[{"href":"https:\/\/www.soniagomezporcelanosa.com\/index.php\/wp-json\/wp\/v2\/types\/page"}],"author":[{"embeddable":true,"href":"https:\/\/www.soniagomezporcelanosa.com\/index.php\/wp-json\/wp\/v2\/users\/1"}],"replies":[{"embeddable":true,"href":"https:\/\/www.soniagomezporcelanosa.com\/index.php\/wp-json\/wp\/v2\/comments?post=11"}],"version-history":[{"count":52,"href":"https:\/\/www.soniagomezporcelanosa.com\/index.php\/wp-json\/wp\/v2\/pages\/11\/revisions"}],"predecessor-version":[{"id":2794,"href":"https:\/\/www.soniagomezporcelanosa.com\/index.php\/wp-json\/wp\/v2\/pages\/11\/revisions\/2794"}],"wp:attachment":[{"href":"https:\/\/www.soniagomezporcelanosa.com\/index.php\/wp-json\/wp\/v2\/media?parent=11"}],"curies":[{"name":"wp","href":"https:\/\/api.w.org\/{rel}","templated":true}]}}